{"id":70,"date":"2020-11-07T20:28:53","date_gmt":"2020-11-07T19:28:53","guid":{"rendered":"https:\/\/www.parlons-psychologie.com\/?page_id=70"},"modified":"2022-11-06T16:25:03","modified_gmt":"2022-11-06T15:25:03","slug":"emdr","status":"publish","type":"page","link":"https:\/\/www.parlons-psychologie.com\/accueil\/emdr\/","title":{"rendered":"EMDR"},"content":{"rendered":"<h2><span style=\"color: #3366ff;\"><strong><img loading=\"lazy\" class=\" wp-image-67 alignleft\" src=\"https:\/\/www.parlons-psychologie.com\/wp-content\/uploads\/2020\/11\/EMPR-pour-moi.jpg\" alt=\"\" width=\"332\" height=\"186\" \/>Qu\u2019est-ce que l\u2019EMDR ?<\/strong><\/span><\/h2>\n<p><strong>Acronyme anglo<\/strong><strong>xon<\/strong><a href=\"https:\/\/fr.wikipedia.org\/wiki\/Int%C3%A9gration_neuro-%C3%A9motionnelle_par_les_mouvements_oculaires\">\u00a0Eye Movement Desensitization and Reprocessing<\/a>\u00a0pourrait se traduire, en Fran\u00e7ais par la \u00ab <span style=\"color: #0000ff;\">d\u00e9sensibilisation et retraitement par mouvements oculaires<\/span> \u00bb.<\/p>\n<p><strong>Pratique int\u00e9grative<\/strong> de la psychologie, elle est \u00e2g\u00e9e d\u2019une trentaine d\u2019ann\u00e9es.<br \/>\nUtilis\u00e9e d\u2019abord aupr\u00e8s des v\u00e9t\u00e9rans souffrant d\u2019<a href=\"https:\/\/www.parlons-psychologie.com\/les-etats-de-stress-post-traumatiques\/\"><strong>\u00e9tats de stress post-traumatique<\/strong><\/a>, elle s\u2019est <strong><span style=\"color: #0000ff;\">\u00e9tendue \u00e0<a href=\"https:\/\/www.parlons-psychologie.com\/emdr-et-chocs-emotionnels\/\"> tous les types de traumatismes<\/a><\/span><\/strong> consid\u00e9r\u00e9s comme <strong>\u00e9v\u00e8nements perturbant<\/strong>s que nous aurions du mal \u00ab \u00e0 d\u00e9passer \u00bb.<br \/>\nAinsi, cette m\u00e9thode peut s\u2019utiliser aussi bien apr\u00e8s avoir subi un<a href=\"https:\/\/www.parlons-psychologie.com\/emdr-et-traumatismes\/\"> <strong>traumatisme complexe<\/strong> <\/a>(<em>attentat, violences, agression<\/em>\u2026) que des <a href=\"https:\/\/www.parlons-psychologie.com\/emdr-et-chocs-emotionnels\/\"><strong>traumatismes dits \u00ab simples<\/strong> \u00bb<\/a> comme un <em>accrochage avec sa voiture, <a href=\"https:\/\/www.parlons-psychologie.com\/emdr-et-crises-dangoisse\/\">une crise d\u2019angoisse<\/a><\/em> g\u00e9n\u00e9rant une anxi\u00e9t\u00e9 chronique, <em>une rupture<\/em> etc.<\/p>\n<p>&nbsp;<\/p>\n<h3><span style=\"color: #0000ff;\">Fondements th\u00e9oriques de l&rsquo;approche EMDR<\/span><\/h3>\n<p>Con\u00e7ue par Mme Shapiro il y a 30 ans pour aider les v\u00e9t\u00e9rans de guerre, la th\u00e9rapie EMDR intervient pour<strong> aider \u00e0 traiter des traumatismes mais aussi des pens\u00e9es, difficult\u00e9s et troubles persistants (angoisses, deuils, TOC, phobies etc.).<\/strong><\/p>\n<p><span style=\"color: #3366ff;\">Toutes nos exp\u00e9riences v\u00e9cues de fa\u00e7on conscientes ou inconscientes sont trait\u00e9es par notre syst\u00e8me c\u00e9r\u00e9bral et sont stock\u00e9es dans la m\u00e9moire<\/span>.<img loading=\"lazy\" class=\"size-medium wp-image-238 alignright\" src=\"https:\/\/www.parlons-psychologie.com\/wp-content\/uploads\/2022\/03\/photo-EMDR-2-300x247.jpg\" alt=\"\" width=\"300\" height=\"247\" srcset=\"https:\/\/www.parlons-psychologie.com\/wp-content\/uploads\/2022\/03\/photo-EMDR-2-300x247.jpg 300w, https:\/\/www.parlons-psychologie.com\/wp-content\/uploads\/2022\/03\/photo-EMDR-2.jpg 382w\" sizes=\"(max-width: 300px) 100vw, 300px\" \/><br \/>\nLes informations contenues dans chaque situation et exp\u00e9rience sont <span style=\"color: #3366ff;\">li\u00e9es avec d\u2019autres plus anciennes<\/span>.<br \/>\nCes <strong>r\u00e9seaux de m\u00e9moire<\/strong> ne sont ni volontaires ni conscientes mais plut\u00f4t <strong>automatiques<\/strong>.<br \/>\nIls vont d\u2019ailleurs<span style=\"color: #3366ff;\"><strong> colorer notre perception des choses et de notre environnement qui nous entourent<\/strong><\/span>.<\/p>\n<p>Ces r\u00e9seaux de m\u00e9moire sont comme des groupes d\u2019informations associ\u00e9es entre elles et constitu\u00e9es d\u2019exp\u00e9riences plus ou moins n\u00e9gatives qui vont combiner ensemble<br \/>\n&#8211;<em> des perceptions sensorielles,<\/em><br \/>\n<em>&#8211; des cognitions (pens\u00e9es),<\/em><br \/>\n<em>&#8211; des \u00e9motions,<\/em><br \/>\n<em>&#8211; des sensations physiques.<\/em><\/p>\n<p><span style=\"color: #3366ff;\"><strong>Par un processus de traitement intellectuel naturel que nous effectuons tous les jours (la cat\u00e9gorisation), ces associations vont se relier entre elles<\/strong><\/span>.<br \/>\nNotre cerveau va <strong>simplement int\u00e9grer de nouvelles informations \u00e0 d\u2019autres informations d\u00e9j\u00e0 pr\u00e9sentes<\/strong> depuis la petite enfance parfois.<\/p>\n<p><strong><span style=\"color: #3366ff;\">L\u2019int\u00e9gration d\u2019une information devient alors adaptative.<\/span><\/strong><br \/>\n<em>Par exemple, je d\u00e9couvre pour la premi\u00e8re fois un fer \u00e0 lisser. Je le touche pour en comprendre l\u2019utilisation. Je me br\u00fble Je retiens que, comme d\u2019autres objets (le fer \u00e0 repasser), c\u2019est chaud voire douloureux si je ne fais pas attention. Cette le\u00e7on de vie sera int\u00e9gr\u00e9e et me permettra de m\u2019adapter si je dois en utiliser un \u00e0 l\u2019avenir.<\/em><\/p>\n<p><strong><span style=\"color: #800080;\">Parfois, certaines informations sont stock\u00e9es dans mon cerveau de fa\u00e7on \u00ab dysfonctionnelle \u00bb<\/span><\/strong>.<br \/>\nOn suppose que les <span style=\"color: #0000ff;\">r\u00e9actions douloureuses li\u00e9es \u00e0 cet \u00e9v\u00e8nement<\/span> (<strong>chagrin, peur<\/strong>\u2026) ont \u00e9t\u00e9 <span style=\"color: #0000ff;\">tellement fortes que le r\u00e9seau de m\u00e9moire n\u2019a pas r\u00e9ussi \u00e0 l\u2019int\u00e9grer<\/span>.<br \/>\nC\u2019est <strong>comme si l\u2019information \u00e9tait rest\u00e9e fig\u00e9e dans le temps et ne change plus<\/strong>.<br \/>\n<span style=\"color: #0000ff;\"><strong>L\u2019exp\u00e9rience est alors stock\u00e9e dans un r\u00e9seau neuronal s\u00e9par\u00e9, dans sa forme brute (sans \u00ab le\u00e7on de vie \u00bb du pass\u00e9) avec les images originales, les pens\u00e9es, les sentiments et les sensations corporelles<\/strong><\/span>.<\/p>\n<p>Il ne faut pas se culpabiliser.<br \/>\nD\u2019une part, nous faisons toutes et tous ce que nous pouvons.<br \/>\nMais surtout, la r\u00e9silience n\u2019est pas toujours possible.<br \/>\n<strong>Nous faisons front face \u00e0 des moment douloureux avec ce que nous avons de disponible au moment o\u00f9 les choses nous arrivent<\/strong>.<br \/>\nSurtout quand ces \u00e9v\u00e8nements nous sont arriv\u00e9s <strong>enfant<\/strong>. Il nous aura alors fallu <span style=\"color: #0000ff;\">les \u00ab comprendre \u00bb, les stocker avec ce qu\u2019un enfant a de comp\u00e9tences intellectuelles pour les comprendre, affectives pour y faire face et de ressources (souvent limit\u00e9es \u00e0 nos parents)<\/span>.<\/p>\n<p>Notre cerveau va alors tenter de nous pr\u00e9server en figeant le souvenir pour ne pas activer la souffrance qui y est reli\u00e9e.<\/p>\n<h3><span style=\"color: #0000ff;\">La th\u00e9rapie EMDR<\/span><\/h3>\n<p>Elle <strong><span style=\"color: #800080;\">cible ces souvenirs non trait\u00e9s qui contiennent les \u00e9motions, les sensations et les croyances<\/span><\/strong>.<\/p>\n<p><img loading=\"lazy\" class=\" wp-image-239 alignleft\" src=\"https:\/\/www.parlons-psychologie.com\/wp-content\/uploads\/2022\/03\/photo-EMDR-4-300x300.jpg\" alt=\"\" width=\"278\" height=\"278\" srcset=\"https:\/\/www.parlons-psychologie.com\/wp-content\/uploads\/2022\/03\/photo-EMDR-4-300x300.jpg 300w, https:\/\/www.parlons-psychologie.com\/wp-content\/uploads\/2022\/03\/photo-EMDR-4-150x150.jpg 150w, https:\/\/www.parlons-psychologie.com\/wp-content\/uploads\/2022\/03\/photo-EMDR-4.jpg 390w\" sizes=\"(max-width: 278px) 100vw, 278px\" \/>Les <strong>mouvements oculaires<\/strong> sont exactement l<span style=\"color: #0000ff;\">es m\u00eames que ceux que nous faisons naturellement la nuit, lors de notre sommeil<\/span> (quand nous r\u00eavons).<br \/>\nC\u2019est le moment quotidien o\u00f9 notre cerveau traite, stocke.<br \/>\nOn le voit bien chez nos animaux de compagnie et les nourrissons.<\/p>\n<p>Lors de la th\u00e9rapie, le ou la patient.e, avec l\u2019aide du ou de la psychologue va <strong>cibler les diff\u00e9rents \u00e9v\u00e8nements qui perturbent encore dans le pr\u00e9sent<\/strong> m\u00eame si cela est pass\u00e9.<br \/>\nEnsemble, et dans un <strong>cadre s\u00e9curis\u00e9<\/strong>, ils vont pouvoir permettre \u00e0 ses souvenirs de se <strong><span style=\"color: #800080;\">dig\u00e9rer pour s\u2019int\u00e9grer \u00e0 l\u2019ensemble de sa m\u00e9moire<\/span><\/strong>.<\/p>\n<p>On va alors <span style=\"color: #800080;\">d\u00e9sensibiliser le souvenir<\/span> puis <span style=\"color: #800080;\">le retraiter pour qu\u2019il devienne un moment pass\u00e9 qui n\u2019active plus rien dans le pr\u00e9sent<\/span>.<br \/>\nOn se sert des mouvements oculaires pour faciliter ce processus et aider le syst\u00e8me nerveux central.<br \/>\n<span style=\"color: #0000ff;\">Les pens\u00e9es, les sensations associ\u00e9es seront, elles aussi, l\u2019occasion d\u2019\u00eatre dig\u00e9r\u00e9es \u00e0 leurs tours.<\/span><\/p>\n<p>&nbsp;<\/p>\n<p><strong>Ce processus se fait en toute conscience. Il n\u2019y a aucun effet hypnotique.<\/strong><br \/>\nC\u2019est bien <span style=\"color: #0000ff;\"><strong>le ou la patient.e qui active le processus de gu\u00e9rison<\/strong><\/span>.<br \/>\nAvec l\u2019aide de son psychologue et en <strong>s\u00e9curit\u00e9 dans le pr\u00e9sent<\/strong>.<\/p>\n<p style=\"text-align: left;\"><strong><span style=\"color: #800080;\">Les 3 temps pass\u00e9 \u2013 pr\u00e9sent \u2013 futur sont donc accompagn\u00e9s.<\/span><\/strong><\/p>\n<p style=\"text-align: left;\"><span style=\"color: #800080;\">La th\u00e9rapie EMDR fonctionne quand on \u00e9vacue les probl\u00e9matiques du pass\u00e9 mais aussi quand on d\u00e9sensibilise les d\u00e9clencheurs du pr\u00e9sent et quand on facilite sa projection dans le futur.<\/span><\/p>\n<p>&nbsp;<\/p>\n<p>Aucun protocole EMDR ne peut \u00eatre mis en place sans une pr\u00e9paration pr\u00e9alable.<\/p>\n<p>Cette m\u00e9thode s&rsquo;inscrit dans<a href=\"https:\/\/www.parlons-psychologie.com\/les-therapies-individuelles\/\"> la th\u00e9rapie<\/a>.<br \/>\nSi vous avez le moindre doute, interrogez la formation suivie.<\/p>\n<h3><span style=\"color: #0000ff;\">La formation des praticien.ne.s en EMDR<\/span><\/h3>\n<p>Seuls <strong>3 centres de formation<\/strong> sont reconnus en France.<\/p>\n<p>Les praticien.ne.s en EMDR peuvent traiter des <span style=\"color: #0000ff;\">situations dites \u00ab simples \u00bb avec un niveau 1<\/span> et des <span style=\"color: #0000ff;\">\u00ab traumatismes complexes \u00bb avec un niveau 2<\/span>.<br \/>\nEntre ces niveaux, une <strong>supervision<\/strong> est obligatoire.<br \/>\nApr\u00e8s ces niveaux, une autre supervision atteste du titre.<\/p>\n<p>Il est plus que recommand\u00e9 que les professionnel.le.s de sant\u00e9 mentale pratiquant l\u2019EMDR continuent de se former sur des th\u00e9matiques concernant les traumatismes, les maladies, la prise en compte des troubles alimentaires, l\u2019angoisse, les phobies etc.<\/p>\n<p>Une accr\u00e9ditation Europe est accord\u00e9e \u00e0 celles et ceux qui valident un bon niveau de comp\u00e9tences valid\u00e9es par l\u2019autorit\u00e9 de <a href=\"https:\/\/www.emdr-france.org\/\">l\u2019association EMDR France<\/a>.<\/p>\n<h2><span style=\"color: #3366ff;\">Comment se passe une s\u00e9ance EMDR ?<\/span><\/h2>\n<p>Comme on agit directement sur le <strong>syst\u00e8me nerveux central<\/strong>, le patient et le praticien vont convenir d\u2019un <strong>protocole tr\u00e8s encadr\u00e9<\/strong> sur lequel travailler.<img loading=\"lazy\" class=\"size-full wp-image-71 alignright\" src=\"https:\/\/www.parlons-psychologie.com\/wp-content\/uploads\/2020\/11\/EMDR-2.jpg\" alt=\"\" width=\"300\" height=\"168\" \/><br \/>\nOn <strong>d\u00e9finit la probl\u00e9matique<\/strong> \u00e0 traiter, ce qui en <strong>d\u00e9clenche les effets<\/strong> et les <strong>objectifs vis\u00e9s<\/strong>.<br \/>\nEnsuite, on adopte une position sereine et apaisante pour travailler sur cette probl\u00e9matique.<br \/>\n<span style=\"color: #0000ff;\">Le ou la <strong>patient.e reste totalement conscient.e\u00a0 et actif.ve durant tout le processus<\/strong>.<\/span><\/p>\n<p>A partir d\u2019une<strong> image et un ensemble d\u2019\u00e9l\u00e9ments associ\u00e9s<\/strong>, le ou la patient.e va se rem\u00e9morer l\u2019\u00e9v\u00e8nement \u00e0 retraiter.<br \/>\nGr\u00e2ce aux m\u00eame <strong><span style=\"color: #3366ff;\">mouvements oculaires<\/span><\/strong> identiques \u00e0 ceux du sommeil mais ici stimul\u00e9s par une barre lumineuse, <span style=\"color: #3366ff;\"><strong>le syst\u00e8me nerveux central va retraiter le souvenir pour \u00e9vacuer la source perturbante<\/strong><\/span>.<\/p>\n<p>Si l\u2019on dit que \u00ab la nuit porte conseil \u00bb, l\u2019EMDR provoque le <span style=\"color: #3366ff;\">m\u00eame processus jusqu\u2019\u00e0 apaisement<\/span>.<br \/>\nOn \u00e9value cela \u00e0 partir d\u2019une \u00e9chelle de perturbation adapt\u00e9e.<\/p>\n<p><span style=\"color: #3366ff;\"><em>Cela fait un peu formule magique, non ?<\/em><\/span><\/p>\n<p>En apparence et en quelques lignes, cela peut donner cette impression\u2026<br \/>\nEt, en toute honn\u00eatet\u00e9, j\u2019ai eu beaucoup de doutes lorsque j\u2019ai d\u00e9couvert l\u2019EMDR.<br \/>\nJusqu\u2019\u00e0 ce que j\u2019ai les donn\u00e9es statistiques des praticiens prenant en charge les victimes de l\u2019attentat de Nice.<br \/>\nEt m\u00eame pour des patient.e.s souffrant de la maladie d\u2019Alzheimer.<br \/>\nApr\u00e8s plusieurs ann\u00e9es de pratique, je suis r\u00e9guli\u00e8rement bluff\u00e9e par ses effets. Et, toujours avec la m\u00eame honn\u00eatet\u00e9, mes patient.e.s aussi !!<\/p>\n<p>Pour en savoir plus :<\/p>\n<p><a href=\"https:\/\/www.emdr-france.org\/web\/quest-therapie-emdr\/\">https:\/\/www.emdr-france.org\/web\/quest-therapie-emdr\/<\/a><\/p>\n<p><a href=\"http:\/\/www.emdr-france.org\/web\/lemdr-pour-panser-les-blessures-psychiques\/\">http:\/\/www.emdr-france.org\/web\/lemdr-pour-panser-les-blessures-psychiques\/<\/a><\/p>\n","protected":false},"excerpt":{"rendered":"<p>Qu\u2019est-ce que l\u2019EMDR ? Acronyme angloxon\u00a0Eye Movement Desensitization and Reprocessing\u00a0pourrait se traduire, en Fran\u00e7ais par la \u00ab d\u00e9sensibilisation et retraitement par mouvements oculaires \u00bb. Pratique int\u00e9grative de la psychologie, elle est \u00e2g\u00e9e d\u2019une trentaine d\u2019ann\u00e9es. Utilis\u00e9e d\u2019abord aupr\u00e8s des v\u00e9t\u00e9rans souffrant d\u2019\u00e9tats de stress post-traumatique, elle s\u2019est \u00e9tendue \u00e0 tous les types de traumatismes consid\u00e9r\u00e9s&hellip;<\/p>\n","protected":false},"author":2,"featured_media":0,"parent":0,"menu_order":0,"comment_status":"closed","ping_status":"closed","template":"","meta":[],"yoast_head":"<!-- This site is optimized with the Yoast SEO plugin v15.5 - https:\/\/yoast.com\/wordpress\/plugins\/seo\/ -->\n<title>EMDR - Parlons Psychologie<\/title>\n<meta name=\"description\" content=\"L&#039;EMDR, c&#039;est quoi ? Des fondements th\u00e9oriques \u00e0 la th\u00e9rapie: traumas, ruptures, souffrances, crises d&#039;angoisse etc.\" \/>\n<meta name=\"robots\" content=\"index, follow, max-snippet:-1, max-image-preview:large, max-video-preview:-1\" \/>\n<link rel=\"canonical\" href=\"https:\/\/www.parlons-psychologie.com\/accueil\/emdr\/\" \/>\n<meta property=\"og:locale\" content=\"fr_FR\" \/>\n<meta property=\"og:type\" content=\"article\" \/>\n<meta property=\"og:title\" content=\"EMDR - Parlons Psychologie\" \/>\n<meta property=\"og:description\" content=\"L&#039;EMDR, c&#039;est quoi ? Des fondements th\u00e9oriques \u00e0 la th\u00e9rapie: traumas, ruptures, souffrances, crises d&#039;angoisse etc.\" \/>\n<meta property=\"og:url\" content=\"https:\/\/www.parlons-psychologie.com\/accueil\/emdr\/\" \/>\n<meta property=\"og:site_name\" content=\"Parlons Psychologie\" \/>\n<meta property=\"article:publisher\" content=\"https:\/\/www.facebook.com\/psychologueVLafarge\/about\" \/>\n<meta property=\"article:modified_time\" content=\"2022-11-06T15:25:03+00:00\" \/>\n<meta property=\"og:image\" content=\"https:\/\/www.parlons-psychologie.com\/wp-content\/uploads\/2020\/11\/EMPR-pour-moi.jpg\" \/>\n<meta name=\"twitter:card\" content=\"summary_large_image\" \/>\n<meta name=\"twitter:label1\" content=\"Dur\u00e9e de lecture est.\">\n\t<meta name=\"twitter:data1\" content=\"5 minutes\">\n<script type=\"application\/ld+json\" class=\"yoast-schema-graph\">{\"@context\":\"https:\/\/schema.org\",\"@graph\":[{\"@type\":[\"Person\",\"Organization\"],\"@id\":\"https:\/\/www.parlons-psychologie.com\/accueil\/#\/schema\/person\/1a89ea561921bc639ab65207edc63fb6\",\"name\":\"Virginie Lafarge\",\"logo\":{\"@id\":\"https:\/\/www.parlons-psychologie.com\/accueil\/#personlogo\"},\"sameAs\":[\"https:\/\/www.parlons-psychologie.com\",\"https:\/\/www.facebook.com\/psychologueVLafarge\/about\",\"parlons.psychologie\",\"https:\/\/www.linkedin.com\/in\/virginie-lafarge-41362049\/\"]},{\"@type\":\"WebSite\",\"@id\":\"https:\/\/www.parlons-psychologie.com\/accueil\/#website\",\"url\":\"https:\/\/www.parlons-psychologie.com\/accueil\/\",\"name\":\"Parlons Psychologie\",\"description\":\"Virginie Lafarge - Psychologue\",\"publisher\":{\"@id\":\"https:\/\/www.parlons-psychologie.com\/accueil\/#\/schema\/person\/1a89ea561921bc639ab65207edc63fb6\"},\"potentialAction\":[{\"@type\":\"SearchAction\",\"target\":\"https:\/\/www.parlons-psychologie.com\/accueil\/?s={search_term_string}\",\"query-input\":\"required name=search_term_string\"}],\"inLanguage\":\"fr-FR\"},{\"@type\":\"ImageObject\",\"@id\":\"https:\/\/www.parlons-psychologie.com\/accueil\/emdr\/#primaryimage\",\"inLanguage\":\"fr-FR\",\"url\":\"https:\/\/www.parlons-psychologie.com\/wp-content\/uploads\/2020\/11\/EMPR-pour-moi.jpg\",\"width\":300,\"height\":168},{\"@type\":\"WebPage\",\"@id\":\"https:\/\/www.parlons-psychologie.com\/accueil\/emdr\/#webpage\",\"url\":\"https:\/\/www.parlons-psychologie.com\/accueil\/emdr\/\",\"name\":\"EMDR - Parlons Psychologie\",\"isPartOf\":{\"@id\":\"https:\/\/www.parlons-psychologie.com\/accueil\/#website\"},\"primaryImageOfPage\":{\"@id\":\"https:\/\/www.parlons-psychologie.com\/accueil\/emdr\/#primaryimage\"},\"datePublished\":\"2020-11-07T19:28:53+00:00\",\"dateModified\":\"2022-11-06T15:25:03+00:00\",\"description\":\"L'EMDR, c'est quoi ? Des fondements th\\u00e9oriques \\u00e0 la th\\u00e9rapie: traumas, ruptures, souffrances, crises d'angoisse etc.\",\"inLanguage\":\"fr-FR\",\"potentialAction\":[{\"@type\":\"ReadAction\",\"target\":[\"https:\/\/www.parlons-psychologie.com\/accueil\/emdr\/\"]}]}]}<\/script>\n<!-- \/ Yoast SEO plugin. -->","_links":{"self":[{"href":"https:\/\/www.parlons-psychologie.com\/accueil\/wp-json\/wp\/v2\/pages\/70"}],"collection":[{"href":"https:\/\/www.parlons-psychologie.com\/accueil\/wp-json\/wp\/v2\/pages"}],"about":[{"href":"https:\/\/www.parlons-psychologie.com\/accueil\/wp-json\/wp\/v2\/types\/page"}],"author":[{"embeddable":true,"href":"https:\/\/www.parlons-psychologie.com\/accueil\/wp-json\/wp\/v2\/users\/2"}],"replies":[{"embeddable":true,"href":"https:\/\/www.parlons-psychologie.com\/accueil\/wp-json\/wp\/v2\/comments?post=70"}],"version-history":[{"count":6,"href":"https:\/\/www.parlons-psychologie.com\/accueil\/wp-json\/wp\/v2\/pages\/70\/revisions"}],"predecessor-version":[{"id":340,"href":"https:\/\/www.parlons-psychologie.com\/accueil\/wp-json\/wp\/v2\/pages\/70\/revisions\/340"}],"wp:attachment":[{"href":"https:\/\/www.parlons-psychologie.com\/accueil\/wp-json\/wp\/v2\/media?parent=70"}],"curies":[{"name":"wp","href":"https:\/\/api.w.org\/{rel}","templated":true}]}}