{"id":42,"date":"2020-11-07T16:21:45","date_gmt":"2020-11-07T15:21:45","guid":{"rendered":"https:\/\/www.parlons-psychologie.com\/?page_id=42"},"modified":"2020-11-07T17:12:37","modified_gmt":"2020-11-07T16:12:37","slug":"pourquoi-aller-voir-un-psy","status":"publish","type":"page","link":"https:\/\/www.parlons-psychologie.com\/accueil\/pourquoi-aller-voir-un-psy\/","title":{"rendered":"Pourquoi aller voir un psy ?"},"content":{"rendered":"\n<p>&nbsp;<\/p>\n\n\n\n<p><img loading=\"lazy\" class=\"size-full wp-image-56 alignleft\" src=\"https:\/\/www.parlons-psychologie.com\/wp-content\/uploads\/2020\/11\/psy-5.jpg\" alt=\"\" width=\"267\" height=\"189\">Si aller chez le m\u00e9decin, le dentiste ou tout.e autre professionnel.le de la sant\u00e9 est une \u00e9vidence pour prendre soin de son corps, aller voir un.e psy n\u2019 en est pas une&#8230; <strong>Cela peut m\u00eame \u00eatre une d\u00e9marche co\u00fbteuse<\/strong>.<\/p>\n\n\n\n<p><span style=\"color: #0000ff;\">Elle signifie \u00e0 la fois que je ne vais pas bien et que j\u2019ai besoin d\u2019une aide ext\u00e9rieure pour avancer dans ma r\u00e9flexion, trouver des solutions \u00e0 mon bien-\u00eatre, aller mieux<\/span>\u2026<\/p>\n\n\n\n<p>La majorit\u00e9 des consultations concernaient les <strong>deuils amoureux<\/strong>, les crises de couple mais, avec le temps et l\u2019ouverture de la psychologie \u00e0 la vie quotidienne, les <span style=\"color: #0000ff;\"><strong>demandes se diversifient<\/strong><\/span>&nbsp;:<\/p>\n\n\n\n<p>Faire ou refaire un point sur soi, interroger ses relations au travail, familiales, amicales, progresser dans ses relations amoureuses, mieux se comprendre, trouver sa voie, d\u00e9passer des deuils, aller bien, s\u2019aimer et apprendre \u00e0 se faire confiance etc.<\/p>\n\n\n\n<p>On ne va plus seulement voir un psy parce que nous serions d\u00e9pressifs, fous ou au bord du gouffre.<\/p>\n\n\n\n<p><strong>On y va&nbsp; pour se conna\u00eetre, se rencontrer, prendre de la hauteur et se poser un peu<\/strong>.<\/p>\n\n\n\n<p><h2><span style=\"color: #3366ff;\"><strong>Mon psy et moi, une histoire qui commence ?<\/strong><\/span><\/h2><\/p>\n\n\n\n<p>Entre le moment o\u00f9 on recherche un psy (sur Internet, avec son m\u00e9decin, aupr\u00e8s de ses amis&#8230;) et celui o\u00f9 on trouve ce psy \u00e0 qui on va tout confier, il se passe parfois <img loading=\"lazy\" class=\" wp-image-49 alignright\" src=\"https:\/\/www.parlons-psychologie.com\/wp-content\/uploads\/2020\/11\/pratique-psy.jpg\" alt=\"\" width=\"185\" height=\"194\">plusieurs jours, semaines, mois&#8230;<\/p>\n\n\n\n<p><strong>N\u2019h\u00e9sitez pas \u00e0 rencontrer plusieurs professionnel.les,<\/strong> \u00e0 vous faire conseiller, \u00e0 vous renseigner.<\/p>\n\n\n\n<p>A partir du moment o\u00f9 vous vous d\u00e9ciderez, vous accepterez de confier tant de choses \u00e0 cette personne.<\/p>\n\n\n\n<p>Cette \u00ab<span style=\"color: #3366ff;\">&nbsp;alliance th\u00e9rapeutique&nbsp;<\/span>\u00bb, entre son psy et soi sign\u00e9e, on peut consid\u00e9rer que l&rsquo;on \u00ab\u00a0a un.e psy\u00bb, \u00abque l&rsquo;on est suivi.e par un.e psy\u00a0\u00bb ou toute autre d\u00e9clinaison autour du suivi psy avec un.e professionnel.le.<\/p>\n\n\n\n<p>Dans cette alliance, outre l\u2019\u00e9vidence du secret gard\u00e9, pourront \u00eatre partag\u00e9s questions, doutes, peurs, larmes etc.<\/p>\n\n\n\n<p><strong><span style=\"color: #0000ff;\">Bienveillance et neutralit\u00e9<\/span><\/strong> restent et doivent rester les ma\u00eetres mots pour <strong>se sentir respect\u00e9.e, entendue, accueilli.e et accompagn\u00e9.e<\/strong>.<\/p>\n\n\n\n<p>C\u2019est bien <strong><span style=\"color: #0000ff;\">une histoire personnelle qui commence<\/span><\/strong>, un moment intime, un moment o\u00f9 se jouent \u00e0 la fois l&rsquo;\u00e9coute, la bienveillance, la neutralit\u00e9, le respect, l&rsquo;absence de jugement \u00e0 ce que l&rsquo;on est ou ce que l&rsquo;on choisit.<\/p>\n\n\n\n<p><h2><span style=\"color: #3366ff;\"><strong>Comment choisir son psy&nbsp;?<\/strong><\/span><\/h2><\/p>\n\n\n\n<p>Savoir <strong>distinguer les diff\u00e9rents professionnels<\/strong>&nbsp;:<\/p>\n\n\n\n<p>Il est vraiment important de comprendre la diff\u00e9rence entre tous les psys:<\/p>\n\n\n\n<p><h3><span style=\"color: #3366ff;\">Psychanalystes, psychologues, psychiatres, psychoth\u00e9rapeutes, tous pareils&nbsp;?<\/span><\/h3><\/p>\n\n\n\n<p><img loading=\"lazy\" class=\"wp-image-57 alignleft\" src=\"https:\/\/www.parlons-psychologie.com\/wp-content\/uploads\/2020\/11\/psychiatre.jpg\" alt=\"\" width=\"171\" height=\"114\" \/>Pour faire simple, <strong>le ou la <span style=\"color: #0000ff;\">psychiatre<\/span> est avant tout m\u00e9decin<\/strong>.<\/p>\r\n<p>Sa sp\u00e9cialit\u00e9 l\u2019autorise \u00e0 <strong>prescrire des traitements chimiques<\/strong> et il est le seul \u00e0 pouvoir <strong>poser des diagnostics<\/strong>.<\/p>\r\n<p>En collaboration \u00e9troite avec le psychologue, il est \u00e0 m\u00eame de pr\u00e9coniser les th\u00e9rapies et en proposer si besoin.<\/p>\r\n<p>Il assure ainsi le <strong>suivi m\u00e9dical<\/strong>.<\/p>\r\n<p>&nbsp;<\/p>\r\n<p>Le ou la <strong><span style=\"color: #0000ff;\">psychanalyste<\/span><\/strong> propose un suivi issu des <strong>pr\u00e9ceptes freudiens<\/strong> pour l\u2019essentiel.<img loading=\"lazy\" class=\" wp-image-58 alignright\" src=\"https:\/\/www.parlons-psychologie.com\/wp-content\/uploads\/2020\/11\/psychanalyse-300x117.jpg\" alt=\"\" width=\"231\" height=\"90\" srcset=\"https:\/\/www.parlons-psychologie.com\/wp-content\/uploads\/2020\/11\/psychanalyse-300x117.jpg 300w, https:\/\/www.parlons-psychologie.com\/wp-content\/uploads\/2020\/11\/psychanalyse.jpg 360w\" sizes=\"(max-width: 231px) 100vw, 231px\" \/><\/p>\r\n<p>Il ou elle a \u00e9t\u00e9 en <strong>analys<\/strong>e et est inscrit.e dans une \u00e9cole de psychanalystes qui valident son potentiel \u00e0 accompagner. Il n\u2019y a pas de dipl\u00f4me d\u2019Etat.<\/p>\r\n<p>&nbsp;<\/p>\r\n<p><img loading=\"lazy\" class=\"size-full wp-image-59 alignleft\" src=\"https:\/\/www.parlons-psychologie.com\/wp-content\/uploads\/2020\/11\/psy-6.jpg\" alt=\"\" width=\"299\" height=\"169\" \/>Le ou la <strong><span style=\"color: #0000ff;\">psychologue<\/span><\/strong> a suivi un cursus universitaire de 5 ans qui lui donne le <strong>droit d\u2019exercer et d&rsquo;utiliser les titres de psychologue et psychoth\u00e9rapeute<\/strong>.<\/p>\r\n<p>Les 2 titres sont prot\u00e9g\u00e9s pour \u00e9viter toute utilisation frauduleuse.<\/p>\r\n<p>Il existe de <strong>nombreuses pratiques en psychologie<\/strong>. Nombreux sont les \u00ab\u00a0cliniciens\u00a0\u00bb qui ont \u00e9t\u00e9 majoritairement form\u00e9s \u00e0 la psychanalyse. Mais, si Freud est bien le p\u00e8re de la psychologie connue, beaucoup ont d\u00e9velopp\u00e9 d&rsquo;autres <strong>m\u00e9thodes de travail<\/strong> issues de la psychologie sociale, du d\u00e9veloppement. Ainsi vous trouverez des praticien.nes qui utilisent des <span style=\"color: #0000ff;\">outils plus \u00ab\u00a0r\u00e9cents\u00a0\u00bb directement emprunt\u00e9s \u00e0 la psychologie scientifique<\/span> (les TCC &#8211; Th\u00e9rapies Comportementales et Cognitives, EMDR etc.).<\/p>\r\n<p>&nbsp;<\/p>\r\n<h3><span style=\"color: #3366ff;\">Choisir le ou la th\u00e9rapeute qui me convient\u00a0:<\/span><\/h3>\r\n<p>Peut-on parler de <strong>crit\u00e8res de s\u00e9lection<\/strong>\u00a0?<img loading=\"lazy\" class=\" wp-image-60 alignright\" src=\"https:\/\/www.parlons-psychologie.com\/wp-content\/uploads\/2020\/11\/psy-3-300x120.jpg\" alt=\"\" width=\"378\" height=\"151\" srcset=\"https:\/\/www.parlons-psychologie.com\/wp-content\/uploads\/2020\/11\/psy-3-300x120.jpg 300w, https:\/\/www.parlons-psychologie.com\/wp-content\/uploads\/2020\/11\/psy-3.jpg 355w\" sizes=\"(max-width: 378px) 100vw, 378px\" \/><\/p>\r\n<p>Tout comme je choisirai mon dentiste pour sa douceur, je vais choisir mon psy selon des <strong>crit\u00e8res qui me sont propres, subjectifs<\/strong>.<\/p>\r\n<p><em>Un homme\u00a0? Une femme\u00a0? Un \u00e2ge\u00a0? Quelles sont ses pratiques\u00a0?<\/em><\/p>\r\n<p>Sa voix, son accueil, sa fa\u00e7on de voir les choses, de me guider, me parler ou non, sont autant de <span style=\"color: #0000ff;\">param\u00e8tres indispensables \u00e0 mon choix<\/span> pour me sentir \u00e0 l\u2019aise, apais\u00e9.e, en confiance.<\/p>\r\n<p>Si je me sens oppress\u00e9.e, jug\u00e9.e, coup\u00e9.e dans mes r\u00e9flexions, je ne suis pas avec la bonne personne.<\/p>\r\n<p><strong><span style=\"color: #0000ff;\">L\u00e0 o\u00f9 il est question d\u2019alliance th\u00e9rapeutique, il est donc question de contrat entre deux personnes.<\/span><\/strong><\/p>\r\n<p>&gt;<\/p>\r\n<p>N\u2019h\u00e9sitez pas \u00e0 rencontrer, poser des questions, exprimer vos ressentis.<\/p>\r\n<p>C\u2019est un travail intime qui d\u00e9bute.<\/p>\r\n<p><strong>Votre parole, vos mots et vos maux ont une valeur qui se respectent.<\/strong><\/p>\r\n<p>\n\n\n<p><\/p>","protected":false},"excerpt":{"rendered":"<p>&nbsp; Si aller chez le m\u00e9decin, le dentiste ou tout.e autre professionnel.le de la sant\u00e9 est une \u00e9vidence pour prendre soin de son corps, aller voir un.e psy n\u2019 en est pas une&#8230; Cela peut m\u00eame \u00eatre une d\u00e9marche co\u00fbteuse. Elle signifie \u00e0 la fois que je ne vais pas bien et que j\u2019ai besoin&hellip;<\/p>\n","protected":false},"author":2,"featured_media":0,"parent":0,"menu_order":0,"comment_status":"closed","ping_status":"closed","template":"","meta":[],"yoast_head":"<!-- This site is optimized with the Yoast SEO plugin v15.5 - https:\/\/yoast.com\/wordpress\/plugins\/seo\/ -->\n<title>Pourquoi aller voir un psy ? - Parlons Psychologie<\/title>\n<meta name=\"robots\" content=\"index, follow, max-snippet:-1, max-image-preview:large, max-video-preview:-1\" \/>\n<link rel=\"canonical\" href=\"https:\/\/www.parlons-psychologie.com\/accueil\/pourquoi-aller-voir-un-psy\/\" \/>\n<meta property=\"og:locale\" content=\"fr_FR\" \/>\n<meta property=\"og:type\" content=\"article\" \/>\n<meta property=\"og:title\" content=\"Pourquoi aller voir un psy ? - Parlons Psychologie\" \/>\n<meta property=\"og:description\" content=\"&nbsp; Si aller chez le m\u00e9decin, le dentiste ou tout.e autre professionnel.le de la sant\u00e9 est une \u00e9vidence pour prendre soin de son corps, aller voir un.e psy n\u2019 en est pas une&#8230; Cela peut m\u00eame \u00eatre une d\u00e9marche co\u00fbteuse. Elle signifie \u00e0 la fois que je ne vais pas bien et que j\u2019ai besoin&hellip;\" \/>\n<meta property=\"og:url\" content=\"https:\/\/www.parlons-psychologie.com\/accueil\/pourquoi-aller-voir-un-psy\/\" \/>\n<meta property=\"og:site_name\" content=\"Parlons Psychologie\" \/>\n<meta property=\"article:publisher\" content=\"https:\/\/www.facebook.com\/psychologueVLafarge\/about\" \/>\n<meta property=\"article:modified_time\" content=\"2020-11-07T16:12:37+00:00\" \/>\n<meta property=\"og:image\" content=\"https:\/\/www.parlons-psychologie.com\/wp-content\/uploads\/2020\/11\/psy-5.jpg\" \/>\n<meta name=\"twitter:card\" content=\"summary_large_image\" \/>\n<meta name=\"twitter:label1\" content=\"Dur\u00e9e de lecture est.\">\n\t<meta name=\"twitter:data1\" content=\"3 minutes\">\n<script type=\"application\/ld+json\" class=\"yoast-schema-graph\">{\"@context\":\"https:\/\/schema.org\",\"@graph\":[{\"@type\":[\"Person\",\"Organization\"],\"@id\":\"https:\/\/www.parlons-psychologie.com\/accueil\/#\/schema\/person\/1a89ea561921bc639ab65207edc63fb6\",\"name\":\"Virginie Lafarge\",\"logo\":{\"@id\":\"https:\/\/www.parlons-psychologie.com\/accueil\/#personlogo\"},\"sameAs\":[\"https:\/\/www.parlons-psychologie.com\",\"https:\/\/www.facebook.com\/psychologueVLafarge\/about\",\"parlons.psychologie\",\"https:\/\/www.linkedin.com\/in\/virginie-lafarge-41362049\/\"]},{\"@type\":\"WebSite\",\"@id\":\"https:\/\/www.parlons-psychologie.com\/accueil\/#website\",\"url\":\"https:\/\/www.parlons-psychologie.com\/accueil\/\",\"name\":\"Parlons Psychologie\",\"description\":\"Virginie Lafarge - Psychologue\",\"publisher\":{\"@id\":\"https:\/\/www.parlons-psychologie.com\/accueil\/#\/schema\/person\/1a89ea561921bc639ab65207edc63fb6\"},\"potentialAction\":[{\"@type\":\"SearchAction\",\"target\":\"https:\/\/www.parlons-psychologie.com\/accueil\/?s={search_term_string}\",\"query-input\":\"required name=search_term_string\"}],\"inLanguage\":\"fr-FR\"},{\"@type\":\"ImageObject\",\"@id\":\"https:\/\/www.parlons-psychologie.com\/accueil\/pourquoi-aller-voir-un-psy\/#primaryimage\",\"inLanguage\":\"fr-FR\",\"url\":\"https:\/\/www.parlons-psychologie.com\/wp-content\/uploads\/2020\/11\/psy-5.jpg\",\"width\":267,\"height\":189},{\"@type\":\"WebPage\",\"@id\":\"https:\/\/www.parlons-psychologie.com\/accueil\/pourquoi-aller-voir-un-psy\/#webpage\",\"url\":\"https:\/\/www.parlons-psychologie.com\/accueil\/pourquoi-aller-voir-un-psy\/\",\"name\":\"Pourquoi aller voir un psy ? - Parlons Psychologie\",\"isPartOf\":{\"@id\":\"https:\/\/www.parlons-psychologie.com\/accueil\/#website\"},\"primaryImageOfPage\":{\"@id\":\"https:\/\/www.parlons-psychologie.com\/accueil\/pourquoi-aller-voir-un-psy\/#primaryimage\"},\"datePublished\":\"2020-11-07T15:21:45+00:00\",\"dateModified\":\"2020-11-07T16:12:37+00:00\",\"inLanguage\":\"fr-FR\",\"potentialAction\":[{\"@type\":\"ReadAction\",\"target\":[\"https:\/\/www.parlons-psychologie.com\/accueil\/pourquoi-aller-voir-un-psy\/\"]}]}]}<\/script>\n<!-- \/ Yoast SEO plugin. -->","_links":{"self":[{"href":"https:\/\/www.parlons-psychologie.com\/accueil\/wp-json\/wp\/v2\/pages\/42"}],"collection":[{"href":"https:\/\/www.parlons-psychologie.com\/accueil\/wp-json\/wp\/v2\/pages"}],"about":[{"href":"https:\/\/www.parlons-psychologie.com\/accueil\/wp-json\/wp\/v2\/types\/page"}],"author":[{"embeddable":true,"href":"https:\/\/www.parlons-psychologie.com\/accueil\/wp-json\/wp\/v2\/users\/2"}],"replies":[{"embeddable":true,"href":"https:\/\/www.parlons-psychologie.com\/accueil\/wp-json\/wp\/v2\/comments?post=42"}],"version-history":[{"count":6,"href":"https:\/\/www.parlons-psychologie.com\/accueil\/wp-json\/wp\/v2\/pages\/42\/revisions"}],"predecessor-version":[{"id":63,"href":"https:\/\/www.parlons-psychologie.com\/accueil\/wp-json\/wp\/v2\/pages\/42\/revisions\/63"}],"wp:attachment":[{"href":"https:\/\/www.parlons-psychologie.com\/accueil\/wp-json\/wp\/v2\/media?parent=42"}],"curies":[{"name":"wp","href":"https:\/\/api.w.org\/{rel}","templated":true}]}}