{"id":404,"date":"2023-07-16T15:37:25","date_gmt":"2023-07-16T13:37:25","guid":{"rendered":"https:\/\/www.parlons-psychologie.com\/accueil\/?page_id=404"},"modified":"2023-07-16T15:37:25","modified_gmt":"2023-07-16T13:37:25","slug":"la-page-sexo","status":"publish","type":"page","link":"https:\/\/www.parlons-psychologie.com\/accueil\/la-page-sexo\/","title":{"rendered":"La page Sexo !"},"content":{"rendered":"<h1><strong><span style=\"color: #0000ff;\">LA PAGE SEXO<\/span><\/strong><\/h1>\n<p>&nbsp;<\/p>\n<p><strong><img loading=\"lazy\" class=\"wp-image-405 alignleft\" src=\"https:\/\/www.parlons-psychologie.com\/wp-content\/uploads\/2023\/07\/intro-sexo-couple-1-238x300.jpg\" alt=\"\" width=\"149\" height=\"188\" srcset=\"https:\/\/www.parlons-psychologie.com\/wp-content\/uploads\/2023\/07\/intro-sexo-couple-1-238x300.jpg 238w, https:\/\/www.parlons-psychologie.com\/wp-content\/uploads\/2023\/07\/intro-sexo-couple-1.jpg 525w\" sizes=\"(max-width: 149px) 100vw, 149px\" \/>La sexualit\u00e9 est consid\u00e9r\u00e9e comme un besoin primaire, accessible \u00e0 toutes et tous, donc \u00ab normale \u00bb.<\/strong><\/p>\n<p>Pourtant, la sexualit\u00e9 humaine est beaucoup plus complexe : <span style=\"color: #0000ff;\">utilis\u00e9e \u00e0 des fins de plaisirs plut\u00f4t que pour la procr\u00e9ation, elle est \u00e0 la fois biologique, sociale, culturelle et psychologique<\/span>.<\/p>\n<p>Il me paraissait important de me pencher sur cette part de nous-m\u00eames et de l\u2019\u00e9tudier de plus pr\u00e8s.<\/p>\n<h3><\/h3>\n<h3><\/h3>\n<h3><\/h3>\n<h3><span style=\"color: #0000ff;\">Du rapport sexuel \u00e0 la sexualit\u00e9<\/span><\/h3>\n<p>Avec la pubert\u00e9 (mais parfois bien avant tant l\u2019esprit humain est curieux), viennent les interrogations quant au <strong>fonctionnement de la sexualit\u00e9<\/strong>.<br \/>\nLe d\u00e9veloppement de l\u2019enfant le ou la pousse \u00e0 exp\u00e9rimenter des sensations sur soi-m\u00eame pour se tourner ensuite vers un.e partenaire.<br \/>\nOn passe alors d&rsquo;une forme d\u2019auto-\u00e9rotisme (la masturbation) \u00e0 un rapport sexuel.<\/p>\n<p>Si l\u2019on se r\u00e9f\u00e8re \u00e0 un <strong>manuel de Sexologie<\/strong>, on trouvera que le rapport sexuel se d\u00e9finit comme suit :<br \/>\n<span style=\"color: #0000ff;\"><em>\u00ab Sous l\u2019effet d\u2019une induction stimulant l\u2019app\u00e9tit sexuel, le rapport sexuel entra\u00eene un certain nombre de modifications objectives anatomorphysiologiques au niveau des organes g\u00e9nitaux et au niveau de l\u2019organisme en g\u00e9n\u00e9ral aboutissant \u00e0 la sensation subjective de plaisir sexuel \u00bb.<\/em><\/span><br \/>\nEn voil\u00e0 des mots pour expliquer un besoin consid\u00e9r\u00e9 comme naturel et primaire !<br \/>\n<strong>Traduction: le d\u00e9sir va provoquer l&rsquo;envie qui va elle-m\u00eame modifier des zones corporelles sp\u00e9cifiques stimulant le plaisir !<\/strong><\/p>\n<p>Ce qu\u2019il est important de retenir finalement, c\u2019est que le<strong> rapport sexuel provoque des sensations de plaisir<\/strong> (c\u2019est pour cela qu\u2019il est recherch\u00e9) parce qu\u2019il stimule des zones sp\u00e9cifiques (les organes g\u00e9nitaux notamment). Mais<span style=\"color: #0000ff;\"> le plus important reste l\u2019INDUCTION de d\u00e9part<\/span> qui va soulever l\u2019envie, le d\u00e9sir et faciliter le plaisir\u2026<\/p>\n<p><span style=\"color: #0000ff;\">Et donc, ces 3 donn\u00e9es rendent le syst\u00e8me bien plus complexe (comme notre d\u00e9finition du coup !).<\/span><\/p>\n<h3><span style=\"color: #0000ff;\">L\u2019induction : cet \u00e9trange objet du d\u00e9sir<img loading=\"lazy\" class=\" wp-image-406 alignright\" src=\"https:\/\/www.parlons-psychologie.com\/wp-content\/uploads\/2023\/07\/intro-sexualite-2.jpeg\" alt=\"\" width=\"242\" height=\"157\" \/><\/span><\/h3>\n<p><span style=\"color: #0000ff;\">L\u2019induction en tant que telle est due \u00e0 des stimulis organiques, comportementaux, sensoriels ou psychologiques.<\/span><br \/>\nLe seuil de d\u00e9clenchement de cette induction d\u00e9pend \u00e0 la fois de la vie des individus, de leur sexualit\u00e9 (abaiss\u00e9 apr\u00e8s une longue p\u00e9riode de chastet\u00e9 et augmentant lorsque l\u2019app\u00e9tit sexuel est apais\u00e9), du contr\u00f4le cortical ou volontaire, des circonstances de vie (s\u00e9curit\u00e9, complicit\u00e9 etc.)\u2026<\/p>\n<p>Combien de fois ai-je entendu que la sant\u00e9 d\u2019un couple h\u00e9t\u00e9rosexuel d\u00e9pendait de la fr\u00e9quence des rapports sexuels ?<br \/>\n<strong>Une <a href=\"https:\/\/www.parlons-psychologie.com\/accueil\/croyances-psychologie-construction-deconstruction\/\">croyance<\/a> qui a la dent dure mais qui, l\u00e0 encore, dessert le rapport qualitatif entre deux personnes.<\/strong><br \/>\n<span style=\"color: #0000ff;\">Le constat que je fais est invers\u00e9 : plus un couple se sent en confiance et serein au quotidien, plus les rapports sont fr\u00e9quents<\/span> (voir : croyances et sexualit\u00e9, la diff\u00e9rence hommes \u2013 femmes)<\/p>\n<p>Cette fameuse<span style=\"color: #0000ff;\"><strong> induction ou l\u2019envie a donc plusieurs sources<\/strong><\/span> allant de la recherche du plaisir brut (ou orgaste) \u00e0 la r\u00e9alisation \u00e9volu\u00e9e d\u2019un sc\u00e9nario fantasm\u00e9 (ce qui est vis\u00e9 ici est davantage c\u00e9r\u00e9bral que physique).<br \/>\nMais cette induction sera aussi bien<span style=\"color: #0000ff;\"> influenc\u00e9e par son rapport aux corps, \u00e0 la qualit\u00e9 du lien, \u00e0 l\u2019\u00e9nergie que l\u2019on est pr\u00eat.e \u00e0 y mettre, notre \u00e9tat de sant\u00e9, psychologique etc.<\/span><br \/>\nEnsuite cette m\u00eame induction aura elle-m\u00eame un niveau d\u2019investissement qui facilitera ou non la stimulation des zones \u00e9rog\u00e8nes qui elle-m\u00eame provoquera une sensation d\u2019orgasme.<br \/>\nL\u2019humain a des rapports sexuels en dehors de cycles de procr\u00e9ation mais sa <span style=\"color: #0000ff;\">sexualit\u00e9 reste SUBJECTIVE<\/span> quoi que nos soci\u00e9t\u00e9s en disent\u2026<\/p>\n<h3><span style=\"color: #0000ff;\">Le sexe : simple ou complexe ?<\/span><\/h3>\n<p><span style=\"color: #0000ff;\"><img loading=\"lazy\" class=\" wp-image-407 alignleft\" src=\"https:\/\/www.parlons-psychologie.com\/wp-content\/uploads\/2023\/07\/intro-sexo-4.png\" alt=\"\" width=\"217\" height=\"162\" \/>Il ne suffit donc pas seulement de mettre ensemble des partenaires consentants pour obtenir du plaisir.<\/span><br \/>\nEn termes de ph\u00e9nom\u00e8nes g\u00e9nitaux bruts, on consid\u00e8rera qu\u2019un <strong>rapport sexuel est complet en observant les 4 phases \u00e9volutives des organes g\u00e9nitaux<\/strong> :<br \/>\n<strong>La phase d\u2019excitation, la phase en plateau, la phase de l\u2019orgasme et la phase de r\u00e9solution.<\/strong><br \/>\nPour autant, si ces 4 phases sont communes aux deux sexes, leurs \u00e9volutions ne sont pas toujours simultan\u00e9es (d\u2019autant plus lors de relations homosexuelles).<br \/>\n<span style=\"color: #0000ff;\">Les r\u00e9ponses sexuelles masculines et f\u00e9minines sont diff\u00e9rentes tant dans leur chronologie que dans les zones physiques\u2026<\/span><\/p>\n<p>&nbsp;<\/p>\n<p><strong>La p\u00e9n\u00e9tration devenue norme sociale et culturelle<\/strong> de la sexualit\u00e9 est elle-m\u00eame plus complexe que le mod\u00e8le attendu.<br \/>\n<span style=\"color: #0000ff;\">La pression autour de cette pratique n\u00e9cessite aussi une prise de recul voire une d\u00e9construction.<\/span><\/p>\n<p>La question du <span style=\"color: #0000ff;\">plaisir f\u00e9minin<\/span> ne d\u00e9pend pas de cette activit\u00e9 p\u00e9n\u00e9trante avec la <span style=\"color: #0000ff;\">pr\u00e9sence centrale du <a href=\"https:\/\/fr.wikipedia.org\/wiki\/Clitoris\">clitoris<\/a><\/span>.<br \/>\nEt l\u2019orgasme masculin, plus simplifi\u00e9 est aussi \u00e0 envisager diff\u00e9remment entre <strong>orgaste<\/strong> (\u00e9vacuation de tensions physiques) et <strong>orgasme<\/strong> (plaisir plus diffus et intense).<\/p>\n<h3><span style=\"color: #0000ff;\">Hommes \u2013 Femmes, un mode d\u2019emploi ?<\/span><\/h3>\n<p>L\u00e0 encore il n\u2019y a pas de r\u00e9ponse simplifi\u00e9e. <img loading=\"lazy\" class=\" wp-image-395 alignright\" src=\"https:\/\/www.parlons-psychologie.com\/wp-content\/uploads\/2023\/04\/charge-familiale-232x300.jpg\" alt=\"\" width=\"121\" height=\"156\" srcset=\"https:\/\/www.parlons-psychologie.com\/wp-content\/uploads\/2023\/04\/charge-familiale-232x300.jpg 232w, https:\/\/www.parlons-psychologie.com\/wp-content\/uploads\/2023\/04\/charge-familiale.jpg 664w\" sizes=\"(max-width: 121px) 100vw, 121px\" \/><br \/>\nChacun.e de nous \u00e9tant diff\u00e9rent.e, le corps, le d\u00e9sir, le plaisir, ses \u00e9volutions vont d\u00e9pendre l\u00e0 encore de ce que nous sommes, vivons, traversons, connaissons de nous-m\u00eames ou de l\u2019autre.<br \/>\n<strong><span style=\"color: #0000ff;\">Homosexuel.le.s, h\u00e9t\u00e9rosexuel.le.s, aucun mod\u00e8le ne pr\u00e9vaut et aucune normalit\u00e9 ne peut \u00eatre pos\u00e9e.<\/span><\/strong><br \/>\nChaque personne, couple (ou plus) peut s\u2019approprier la question de la sexualit\u00e9 selon son propre prisme.<\/p>\n<p>La premi\u00e8re chose est de <strong>se conna\u00eetre suffisamment pour pouvoir guider, exprimer, partager.<\/strong><br \/>\nIl est fortement conseill\u00e9 d<span style=\"color: #0000ff;\">\u2019explorer son corps, ce qui est stimulant ou d\u00e9plaisant, d\u2019\u00e9couter ses d\u00e9sirs, ses fantasmes, sa curiosit\u00e9<\/span>.<br \/>\nLa seule condition \u00e9tant le consentement \u00e9clair\u00e9, tant que les diff\u00e9rentes parties sont d\u2019accord, tout est possible.<\/p>\n<h3><span style=\"color: #0000ff;\">Pourquoi consulter ?<\/span><\/h3>\n<p><strong>Comme un <a href=\"https:\/\/www.parlons-psychologie.com\/accueil\/mes-outils-de-psy\/\">accompagnement psychologique<\/a>, la demande de consultation est avant tout l\u2019expression d\u2019une plainte douloureuse.<\/strong><br \/>\nQue vous soyez<span style=\"color: #0000ff;\"> homme ou femme dans un besoin de comprendre ce qui se passe en vous, d\u2019identifier des blocages<\/span>, n\u2019ayez pas peur de passer le pas.<br \/>\n<strong>La sexualit\u00e9 se pr\u00e9sente partout via la sexualisation des corps mais reste un tabou terrible.<\/strong><br \/>\nDans un <span style=\"color: #0000ff;\"><strong>climat de confidentialit\u00e9, de neutralit\u00e9 et de bienveillance<\/strong><\/span>, nous pouvons aborder tous les sujets touchant votre sexualit\u00e9.<br \/>\nJe pr\u00e9cise que je n\u2019effectue aucun acte m\u00e9dical et que seul.e.s les m\u00e9decins et sage-femmes sexologues sont habilit\u00e9.e.s \u00e0 op\u00e9rer des touchers si cela est n\u00e9cessaire.<\/p>\n<p><strong><span style=\"color: #0000ff;\">Votre corps est pr\u00e9cieux. Il vous appartient et rien ne doit \u00eatre vecteur de souffrances.<\/span><\/strong><\/p>\n<p><strong>Que vous souffriez de probl\u00e9matiques physiques apparentes (\u00e9jaculatoires, des dyspareunies et vaginisme\u2026), que vous doutiez de vos comportements ou interroger votre sexualit\u00e9, tout est entendable et accueilli.<\/strong><\/p>\n<h3><span style=\"color: #0000ff;\">Sexualit\u00e9 et \u00ab normalit\u00e9 \u00bb<\/span><\/h3>\n<p><img loading=\"lazy\" class=\" wp-image-408 alignleft\" src=\"https:\/\/www.parlons-psychologie.com\/wp-content\/uploads\/2023\/07\/intro-sexualite-3.jpeg\" alt=\"\" width=\"216\" height=\"121\" \/>Il est entendu que la sexualit\u00e9 serait \u00ab normale \u00bb et aurait un fonctionnement naturel. Cela sous-tend donc que les choses pourraient se faire avec fluidit\u00e9 et simplicit\u00e9.<br \/>\n<strong>Mais nous avons vu qu\u2019elle d\u00e9pend de trop nombreux param\u00e8tres pour n\u2019avoir qu\u2019un seul mode op\u00e9ratoire.<\/strong><br \/>\nAux questions sur la p\u00e9n\u00e9tration, les orgasmes, le manque de d\u00e9sir\u2026 viennent s\u2019ajouter aussi des<span style=\"color: #0000ff;\"> exp\u00e9riences douloureuses \u00e0 violentes qui entravent une sexualit\u00e9<\/span> sereine.<br \/>\n<strong><span style=\"color: #0000ff;\">Rien dans le sexe n\u2019est normal et chaque personne porte en elle son histoire vis-\u00e0-vis de la sexualit\u00e9.<\/span><\/strong><\/p>\n<p>Une psychoth\u00e9rapie peut aider \u00e0 <a href=\"https:\/\/www.parlons-psychologie.com\/accueil\/emdr\/\">traiter des traumatismes (via l\u2019EMDR<\/a> notamment) comme se d\u00e9faire de croyances ancr\u00e9es et stigmatisantes.<\/p>\n","protected":false},"excerpt":{"rendered":"<p>LA PAGE SEXO &nbsp; La sexualit\u00e9 est consid\u00e9r\u00e9e comme un besoin primaire, accessible \u00e0 toutes et tous, donc \u00ab normale \u00bb. Pourtant, la sexualit\u00e9 humaine est beaucoup plus complexe : utilis\u00e9e \u00e0 des fins de plaisirs plut\u00f4t que pour la procr\u00e9ation, elle est \u00e0 la fois biologique, sociale, culturelle et psychologique. Il me paraissait important&hellip;<\/p>\n","protected":false},"author":2,"featured_media":0,"parent":0,"menu_order":0,"comment_status":"closed","ping_status":"closed","template":"","meta":[],"yoast_head":"<!-- This site is optimized with the Yoast SEO plugin v15.5 - https:\/\/yoast.com\/wordpress\/plugins\/seo\/ -->\n<title>La page Sexo ! - Parlons Psychologie<\/title>\n<meta name=\"description\" content=\"Psycho et sexo vont souvent de pair ! Comprendre et vivre sa sexualit\u00e9 sereinement sans complexe et sans freins !\" \/>\n<meta name=\"robots\" content=\"index, follow, max-snippet:-1, max-image-preview:large, max-video-preview:-1\" \/>\n<link rel=\"canonical\" href=\"https:\/\/www.parlons-psychologie.com\/accueil\/la-page-sexo\/\" \/>\n<meta property=\"og:locale\" content=\"fr_FR\" \/>\n<meta property=\"og:type\" content=\"article\" \/>\n<meta property=\"og:title\" content=\"La page Sexo ! - Parlons Psychologie\" \/>\n<meta property=\"og:description\" content=\"Psycho et sexo vont souvent de pair ! Comprendre et vivre sa sexualit\u00e9 sereinement sans complexe et sans freins !\" \/>\n<meta property=\"og:url\" content=\"https:\/\/www.parlons-psychologie.com\/accueil\/la-page-sexo\/\" \/>\n<meta property=\"og:site_name\" content=\"Parlons Psychologie\" \/>\n<meta property=\"article:publisher\" content=\"https:\/\/www.facebook.com\/psychologueVLafarge\/about\" \/>\n<meta property=\"og:image\" content=\"https:\/\/www.parlons-psychologie.com\/wp-content\/uploads\/2023\/07\/intro-sexo-couple-1-238x300.jpg\" \/>\n<meta name=\"twitter:card\" content=\"summary_large_image\" \/>\n<meta name=\"twitter:label1\" content=\"Dur\u00e9e de lecture est.\">\n\t<meta name=\"twitter:data1\" content=\"5 minutes\">\n<script type=\"application\/ld+json\" class=\"yoast-schema-graph\">{\"@context\":\"https:\/\/schema.org\",\"@graph\":[{\"@type\":[\"Person\",\"Organization\"],\"@id\":\"https:\/\/www.parlons-psychologie.com\/accueil\/#\/schema\/person\/1a89ea561921bc639ab65207edc63fb6\",\"name\":\"Virginie Lafarge\",\"logo\":{\"@id\":\"https:\/\/www.parlons-psychologie.com\/accueil\/#personlogo\"},\"sameAs\":[\"https:\/\/www.parlons-psychologie.com\",\"https:\/\/www.facebook.com\/psychologueVLafarge\/about\",\"parlons.psychologie\",\"https:\/\/www.linkedin.com\/in\/virginie-lafarge-41362049\/\"]},{\"@type\":\"WebSite\",\"@id\":\"https:\/\/www.parlons-psychologie.com\/accueil\/#website\",\"url\":\"https:\/\/www.parlons-psychologie.com\/accueil\/\",\"name\":\"Parlons Psychologie\",\"description\":\"Virginie Lafarge - Psychologue\",\"publisher\":{\"@id\":\"https:\/\/www.parlons-psychologie.com\/accueil\/#\/schema\/person\/1a89ea561921bc639ab65207edc63fb6\"},\"potentialAction\":[{\"@type\":\"SearchAction\",\"target\":\"https:\/\/www.parlons-psychologie.com\/accueil\/?s={search_term_string}\",\"query-input\":\"required name=search_term_string\"}],\"inLanguage\":\"fr-FR\"},{\"@type\":\"ImageObject\",\"@id\":\"https:\/\/www.parlons-psychologie.com\/accueil\/la-page-sexo\/#primaryimage\",\"inLanguage\":\"fr-FR\",\"url\":\"https:\/\/www.parlons-psychologie.com\/wp-content\/uploads\/2023\/07\/intro-sexo-couple-1.jpg\",\"width\":525,\"height\":663},{\"@type\":\"WebPage\",\"@id\":\"https:\/\/www.parlons-psychologie.com\/accueil\/la-page-sexo\/#webpage\",\"url\":\"https:\/\/www.parlons-psychologie.com\/accueil\/la-page-sexo\/\",\"name\":\"La page Sexo ! - Parlons Psychologie\",\"isPartOf\":{\"@id\":\"https:\/\/www.parlons-psychologie.com\/accueil\/#website\"},\"primaryImageOfPage\":{\"@id\":\"https:\/\/www.parlons-psychologie.com\/accueil\/la-page-sexo\/#primaryimage\"},\"datePublished\":\"2023-07-16T13:37:25+00:00\",\"dateModified\":\"2023-07-16T13:37:25+00:00\",\"description\":\"Psycho et sexo vont souvent de pair ! Comprendre et vivre sa sexualit\\u00e9 sereinement sans complexe et sans freins !\",\"inLanguage\":\"fr-FR\",\"potentialAction\":[{\"@type\":\"ReadAction\",\"target\":[\"https:\/\/www.parlons-psychologie.com\/accueil\/la-page-sexo\/\"]}]}]}<\/script>\n<!-- \/ Yoast SEO plugin. -->","_links":{"self":[{"href":"https:\/\/www.parlons-psychologie.com\/accueil\/wp-json\/wp\/v2\/pages\/404"}],"collection":[{"href":"https:\/\/www.parlons-psychologie.com\/accueil\/wp-json\/wp\/v2\/pages"}],"about":[{"href":"https:\/\/www.parlons-psychologie.com\/accueil\/wp-json\/wp\/v2\/types\/page"}],"author":[{"embeddable":true,"href":"https:\/\/www.parlons-psychologie.com\/accueil\/wp-json\/wp\/v2\/users\/2"}],"replies":[{"embeddable":true,"href":"https:\/\/www.parlons-psychologie.com\/accueil\/wp-json\/wp\/v2\/comments?post=404"}],"version-history":[{"count":2,"href":"https:\/\/www.parlons-psychologie.com\/accueil\/wp-json\/wp\/v2\/pages\/404\/revisions"}],"predecessor-version":[{"id":410,"href":"https:\/\/www.parlons-psychologie.com\/accueil\/wp-json\/wp\/v2\/pages\/404\/revisions\/410"}],"wp:attachment":[{"href":"https:\/\/www.parlons-psychologie.com\/accueil\/wp-json\/wp\/v2\/media?parent=404"}],"curies":[{"name":"wp","href":"https:\/\/api.w.org\/{rel}","templated":true}]}}