{"id":267,"date":"2022-06-26T18:45:05","date_gmt":"2022-06-26T16:45:05","guid":{"rendered":"https:\/\/www.parlons-psychologie.com\/?page_id=267"},"modified":"2022-06-26T18:45:05","modified_gmt":"2022-06-26T16:45:05","slug":"therapies-a-distance-psychologue-en-ligne-emdr-a-distance","status":"publish","type":"page","link":"https:\/\/www.parlons-psychologie.com\/accueil\/therapies-a-distance-psychologue-en-ligne-emdr-a-distance\/","title":{"rendered":"Th\u00e9rapies \u00e0 distance"},"content":{"rendered":"<h2>Une th\u00e9rapie en distanciel, c&rsquo;est possible ?<\/h2>\n<p><img loading=\"lazy\" class=\" wp-image-268 alignleft\" src=\"https:\/\/www.parlons-psychologie.com\/wp-content\/uploads\/2022\/06\/distanciel-1-300x168.jpg\" alt=\"\" width=\"243\" height=\"136\" srcset=\"https:\/\/www.parlons-psychologie.com\/wp-content\/uploads\/2022\/06\/distanciel-1-300x168.jpg 300w, https:\/\/www.parlons-psychologie.com\/wp-content\/uploads\/2022\/06\/distanciel-1-1024x575.jpg 1024w, https:\/\/www.parlons-psychologie.com\/wp-content\/uploads\/2022\/06\/distanciel-1-768x431.jpg 768w, https:\/\/www.parlons-psychologie.com\/wp-content\/uploads\/2022\/06\/distanciel-1-1536x862.jpg 1536w, https:\/\/www.parlons-psychologie.com\/wp-content\/uploads\/2022\/06\/distanciel-1-2048x1150.jpg 2048w\" sizes=\"(max-width: 243px) 100vw, 243px\" \/>En toute transparence, mes d\u00e9buts en distanciel n\u2019ont pas \u00e9t\u00e9 un choix au d\u00e9part.<br \/>\nImpos\u00e9s par le premier confinement, il \u00e9tait vraiment impensable de ne pouvoir maintenir le lien avec mes patient.e.s elles-m\u00eames ou eux-m\u00eames dans leurs propres probl\u00e9matiques de confin\u00e9.e.s.<\/p>\n<p>Si les premiers pas furent plus qu\u2019h\u00e9sitants et les g\u00e9n\u00e9rations pas vraiment \u00e9gales face \u00e0 ce moyen, peu \u00e0 peu, <span style=\"color: #0000ff;\"><strong>les choses se sont mises en place pour s\u2019installer durablement.<\/strong><\/span><\/p>\n<p>&nbsp;<\/p>\n<p><strong>Une connexion Internet est, \u00e9videmment indispensable.<\/strong><br \/>\nIl est essentiellement pr\u00e9conis\u00e9 de pouvoir b\u00e9n\u00e9ficier d\u2019un <strong>espace confortable et tranquille<\/strong>.<br \/>\nLa <span style=\"color: #0000ff;\">confidentialit\u00e9<\/span> restant prioritaire, il est arriv\u00e9 que certain.e.s aient pr\u00e9f\u00e9r\u00e9 se retrouver dans leur voiture pour pouvoir s\u2019assurer leur qui\u00e9tude !<br \/>\nMais avant d\u2019en arriver l\u00e0, un <span style=\"color: #0000ff;\">lieu tranquille \u00e0 une heure adapt\u00e9e<\/span> \u00e0 votre emploi du temps reste le moyen le plus s\u00fbr pour profiter de votre s\u00e9ance.<\/p>\n<p>Aujourd\u2019hui, je travaille surtout avec Skype mais d\u2019autres plateformes sont possibles.<br \/>\nNous pouvons ainsi nous mettre d\u2019accord quant \u00e0 l\u2019outil. Je m\u2019adapte au maximum.<\/p>\n<p>Tout comme<a href=\"https:\/\/www.parlons-psychologie.com\/mes-outils-de-psy\/\"> pour des s\u00e9ances en pr\u00e9sentiel,<\/a> une <span style=\"color: #0000ff;\"><strong>premi\u00e8re rencontre est d\u2019abord fix\u00e9e<\/strong><\/span>.<img loading=\"lazy\" class=\"size-medium wp-image-269 alignright\" src=\"https:\/\/www.parlons-psychologie.com\/wp-content\/uploads\/2022\/06\/distanciel-3-300x150.jpg\" alt=\"\" width=\"300\" height=\"150\" srcset=\"https:\/\/www.parlons-psychologie.com\/wp-content\/uploads\/2022\/06\/distanciel-3-300x150.jpg 300w, https:\/\/www.parlons-psychologie.com\/wp-content\/uploads\/2022\/06\/distanciel-3.jpg 474w\" sizes=\"(max-width: 300px) 100vw, 300px\" \/><br \/>\nNous faisons ainsi connaissance. Au cours de ce moment d\u2019\u00e9changes, vous pourrez ainsi m\u2019expliquer vos besoins et vos objectifs.<br \/>\nEn retour, je vous expliquerai ma m\u00e9thode de travail.<\/p>\n<p>Concernant l\u2019<a href=\"https:\/\/www.parlons-psychologie.com\/emdr\/\">EMDR<\/a>, aussi surprenant que cela puisse sembler, cette<strong> pratique s\u2019est aussi adapt\u00e9e aux besoins d\u2019un monde connect\u00e9<\/strong>.<br \/>\nIl existe donc des <span style=\"color: #0000ff;\">m\u00e9thodes pour travailler sur les protocoles d\u2019EMDR tant pour des traumatismes simples ou complexes<\/span>.<br \/>\nCeci pos\u00e9, que cela soit en pr\u00e9sentiel ou en distanciel, le choix de cette utilisation se fait ensemble, dans la s\u00e9curit\u00e9 et je vous aurai expliqu\u00e9 clairement son int\u00e9r\u00eat comme son fonctionnement.<br \/>\n<strong><span style=\"color: #0000ff;\">Je me suis form\u00e9e \u00e0 l\u2019EMDR en distanciel pour vous assurer une meilleure prise en charge.<\/span><\/strong><\/p>\n<p>Nous pourrons alors travailler dans les meilleures conditions qui soient.<\/p>\n<p>&nbsp;<\/p>\n<p><img loading=\"lazy\" class=\"size-medium wp-image-270 alignleft\" src=\"https:\/\/www.parlons-psychologie.com\/wp-content\/uploads\/2022\/06\/distanciel-2-300x130.jpg\" alt=\"\" width=\"300\" height=\"130\" srcset=\"https:\/\/www.parlons-psychologie.com\/wp-content\/uploads\/2022\/06\/distanciel-2-300x130.jpg 300w, https:\/\/www.parlons-psychologie.com\/wp-content\/uploads\/2022\/06\/distanciel-2.jpg 474w\" sizes=\"(max-width: 300px) 100vw, 300px\" \/>Ainsi, que vous soyez \u00e0 l<span style=\"color: #0000ff;\"><strong>\u2019autre bout du monde, alit\u00e9.e, bloqu\u00e9.e quelque part, le passage \u00e0 l\u2019utilisation des outils num\u00e9riques est une garantie de pouvoir commencer ou continuer votre propre th\u00e9rapie confortablement et en s\u00e9curit\u00e9.<\/strong><\/span><\/p>\n<p>A ce jour, je compte une <strong>patient\u00e8le nationale et internationale<\/strong> de l\u2019Australie au Canada, de la Suisse \u00e0 la Belgique et m\u00eame en Croatie ainsi que partout en France.<br \/>\nJ\u2019ai m\u00eame \u00e9t\u00e9 surprise de constater que certain.e.s de mes patient.e.s alternent pr\u00e9sentiel et distanciel ou, suite aux diff\u00e9rents confinements, ont maintenu un suivi \u00e0 distance<\/p>\n<p>La <span style=\"color: #0000ff;\"><strong>qualit\u00e9 de notre alliance th\u00e9rapeutique \u00e9tant primordiale<\/strong><\/span>, c\u2019est un moyen de travailler ensemble et d\u2019inventer aussi un<strong> lien de qualit\u00e9<\/strong>.<br \/>\nJe peux alors m\u2019adapter \u00e0 votre emploi du temps (et m\u00eame aux d\u00e9calages horaires qui peuvent nous amuser parfois).<\/p>\n<p><span style=\"color: #0000ff;\"><strong>En individuel comme en couple<\/strong><\/span>, les s\u00e9ances se passent de la m\u00eame fa\u00e7on qu&rsquo;en pr\u00e9sentiel.<br \/>\nC&rsquo;est les th\u00e9rapies familiales que je ne fais pas en distanciel afin de ne pas manquer de voir toutes les diff\u00e9rentes r\u00e9actions non verbales dont j&rsquo;ai besoin pour mieux vous accompagner. Enfin, jusqu&rsquo;\u00e0 ce que les \u00e9crans deviennent suffisamment grands&#8230;<\/p>\n<h4><span style=\"color: #0000ff;\">Je reste \u00e0 votre disposition: vlafarge.psychologue@gmail.com<\/span><br \/>\n<span style=\"color: #0000ff;\">\u00a0 \u00a0 \u00a0 \u00a0 \u00a0 \u00a0 \u00a0 \u00a0 \u00a0 \u00a0 \u00a0 \u00a0 \u00a0 \u00a0 \u00a0 \u00a0 \u00a0 \u00a0 \u00a0 \u00a0 \u00a0 \u00a0 \u00a0 \u00a0 \u00a0 \u00a006.64.03.10.19<\/span><\/h4>\n","protected":false},"excerpt":{"rendered":"<p>Une th\u00e9rapie en distanciel, c&rsquo;est possible ? En toute transparence, mes d\u00e9buts en distanciel n\u2019ont pas \u00e9t\u00e9 un choix au d\u00e9part. Impos\u00e9s par le premier confinement, il \u00e9tait vraiment impensable de ne pouvoir maintenir le lien avec mes patient.e.s elles-m\u00eames ou eux-m\u00eames dans leurs propres probl\u00e9matiques de confin\u00e9.e.s. Si les premiers pas furent plus qu\u2019h\u00e9sitants&hellip;<\/p>\n","protected":false},"author":2,"featured_media":0,"parent":0,"menu_order":0,"comment_status":"closed","ping_status":"closed","template":"","meta":[],"yoast_head":"<!-- This site is optimized with the Yoast SEO plugin v15.5 - https:\/\/yoast.com\/wordpress\/plugins\/seo\/ -->\n<title>Th\u00e9rapies \u00e0 distance - Parlons Psychologie<\/title>\n<meta name=\"description\" content=\"Pour une th\u00e9rapie ou un suivi en EMDR, une prise en charge peut se faire en ligne partout dans le monde ou selon votre situation personnelle\" \/>\n<meta name=\"robots\" content=\"index, follow, max-snippet:-1, max-image-preview:large, max-video-preview:-1\" \/>\n<link rel=\"canonical\" href=\"https:\/\/www.parlons-psychologie.com\/accueil\/therapies-a-distance-psychologue-en-ligne-emdr-a-distance\/\" \/>\n<meta property=\"og:locale\" content=\"fr_FR\" \/>\n<meta property=\"og:type\" content=\"article\" \/>\n<meta property=\"og:title\" content=\"Th\u00e9rapies \u00e0 distance - Parlons Psychologie\" \/>\n<meta property=\"og:description\" content=\"Pour une th\u00e9rapie ou un suivi en EMDR, une prise en charge peut se faire en ligne partout dans le monde ou selon votre situation personnelle\" \/>\n<meta property=\"og:url\" content=\"https:\/\/www.parlons-psychologie.com\/accueil\/therapies-a-distance-psychologue-en-ligne-emdr-a-distance\/\" \/>\n<meta property=\"og:site_name\" content=\"Parlons Psychologie\" \/>\n<meta property=\"article:publisher\" content=\"https:\/\/www.facebook.com\/psychologueVLafarge\/about\" \/>\n<meta property=\"og:image\" content=\"https:\/\/www.parlons-psychologie.com\/wp-content\/uploads\/2022\/06\/distanciel-1-300x168.jpg\" \/>\n<meta name=\"twitter:card\" content=\"summary_large_image\" \/>\n<meta name=\"twitter:label1\" content=\"Dur\u00e9e de lecture est.\">\n\t<meta name=\"twitter:data1\" content=\"2 minutes\">\n<script type=\"application\/ld+json\" class=\"yoast-schema-graph\">{\"@context\":\"https:\/\/schema.org\",\"@graph\":[{\"@type\":[\"Person\",\"Organization\"],\"@id\":\"https:\/\/www.parlons-psychologie.com\/accueil\/#\/schema\/person\/1a89ea561921bc639ab65207edc63fb6\",\"name\":\"Virginie Lafarge\",\"logo\":{\"@id\":\"https:\/\/www.parlons-psychologie.com\/accueil\/#personlogo\"},\"sameAs\":[\"https:\/\/www.parlons-psychologie.com\",\"https:\/\/www.facebook.com\/psychologueVLafarge\/about\",\"parlons.psychologie\",\"https:\/\/www.linkedin.com\/in\/virginie-lafarge-41362049\/\"]},{\"@type\":\"WebSite\",\"@id\":\"https:\/\/www.parlons-psychologie.com\/accueil\/#website\",\"url\":\"https:\/\/www.parlons-psychologie.com\/accueil\/\",\"name\":\"Parlons Psychologie\",\"description\":\"Virginie Lafarge - Psychologue\",\"publisher\":{\"@id\":\"https:\/\/www.parlons-psychologie.com\/accueil\/#\/schema\/person\/1a89ea561921bc639ab65207edc63fb6\"},\"potentialAction\":[{\"@type\":\"SearchAction\",\"target\":\"https:\/\/www.parlons-psychologie.com\/accueil\/?s={search_term_string}\",\"query-input\":\"required name=search_term_string\"}],\"inLanguage\":\"fr-FR\"},{\"@type\":\"ImageObject\",\"@id\":\"https:\/\/www.parlons-psychologie.com\/accueil\/therapies-a-distance-psychologue-en-ligne-emdr-a-distance\/#primaryimage\",\"inLanguage\":\"fr-FR\",\"url\":\"https:\/\/www.parlons-psychologie.com\/wp-content\/uploads\/2022\/06\/distanciel-1-300x168.jpg\"},{\"@type\":\"WebPage\",\"@id\":\"https:\/\/www.parlons-psychologie.com\/accueil\/therapies-a-distance-psychologue-en-ligne-emdr-a-distance\/#webpage\",\"url\":\"https:\/\/www.parlons-psychologie.com\/accueil\/therapies-a-distance-psychologue-en-ligne-emdr-a-distance\/\",\"name\":\"Th\\u00e9rapies \\u00e0 distance - Parlons Psychologie\",\"isPartOf\":{\"@id\":\"https:\/\/www.parlons-psychologie.com\/accueil\/#website\"},\"primaryImageOfPage\":{\"@id\":\"https:\/\/www.parlons-psychologie.com\/accueil\/therapies-a-distance-psychologue-en-ligne-emdr-a-distance\/#primaryimage\"},\"datePublished\":\"2022-06-26T16:45:05+00:00\",\"dateModified\":\"2022-06-26T16:45:05+00:00\",\"description\":\"Pour une th\\u00e9rapie ou un suivi en EMDR, une prise en charge peut se faire en ligne partout dans le monde ou selon votre situation personnelle\",\"inLanguage\":\"fr-FR\",\"potentialAction\":[{\"@type\":\"ReadAction\",\"target\":[\"https:\/\/www.parlons-psychologie.com\/accueil\/therapies-a-distance-psychologue-en-ligne-emdr-a-distance\/\"]}]}]}<\/script>\n<!-- \/ Yoast SEO plugin. -->","_links":{"self":[{"href":"https:\/\/www.parlons-psychologie.com\/accueil\/wp-json\/wp\/v2\/pages\/267"}],"collection":[{"href":"https:\/\/www.parlons-psychologie.com\/accueil\/wp-json\/wp\/v2\/pages"}],"about":[{"href":"https:\/\/www.parlons-psychologie.com\/accueil\/wp-json\/wp\/v2\/types\/page"}],"author":[{"embeddable":true,"href":"https:\/\/www.parlons-psychologie.com\/accueil\/wp-json\/wp\/v2\/users\/2"}],"replies":[{"embeddable":true,"href":"https:\/\/www.parlons-psychologie.com\/accueil\/wp-json\/wp\/v2\/comments?post=267"}],"version-history":[{"count":1,"href":"https:\/\/www.parlons-psychologie.com\/accueil\/wp-json\/wp\/v2\/pages\/267\/revisions"}],"predecessor-version":[{"id":271,"href":"https:\/\/www.parlons-psychologie.com\/accueil\/wp-json\/wp\/v2\/pages\/267\/revisions\/271"}],"wp:attachment":[{"href":"https:\/\/www.parlons-psychologie.com\/accueil\/wp-json\/wp\/v2\/media?parent=267"}],"curies":[{"name":"wp","href":"https:\/\/api.w.org\/{rel}","templated":true}]}}